{"id":7596,"date":"2021-02-16T15:30:24","date_gmt":"2021-02-16T20:30:24","guid":{"rendered":"https:\/\/telemedhub.org\/home\/"},"modified":"2025-11-28T16:19:51","modified_gmt":"2025-11-28T21:19:51","slug":"inicio","status":"publish","type":"page","link":"https:\/\/telemedhub.org\/es\/","title":{"rendered":"Inicio"},"content":{"rendered":"\t\t<div data-elementor-type=\"wp-page\" data-elementor-id=\"7596\" class=\"elementor elementor-7596 elementor-1004\">\n\t\t\t\t<div class=\"has_eae_slider elementor-element elementor-element-82efb3a e-flex e-con-boxed wpr-particle-no wpr-jarallax-no wpr-parallax-no wpr-sticky-section-no e-con e-parent\" data-id=\"82efb3a\" data-element_type=\"container\" data-settings=\"{&quot;background_background&quot;:&quot;classic&quot;}\">\n\t\t\t\t\t<div class=\"e-con-inner\">\n\t\t\t\t<div class=\"elementor-element elementor-element-63d9a15 elementor-widget__width-initial elementor-widget-mobile__width-initial elementor-widget-tablet__width-initial elementor-widget elementor-widget-heading\" data-id=\"63d9a15\" data-element_type=\"widget\" data-widget_type=\"heading.default\">\n\t\t\t\t<div class=\"elementor-widget-container\">\n\t\t\t<h1 class=\"elementor-heading-title elementor-size-default\">Programa de telemedicina en MSF<\/h1>\t\t<\/div>\n\t\t\t\t<\/div>\n\t\t<div class=\"has_eae_slider elementor-element elementor-element-3c1ea52 e-con-full e-flex wpr-particle-no wpr-jarallax-no wpr-parallax-no wpr-sticky-section-no e-con e-child\" data-id=\"3c1ea52\" data-element_type=\"container\" data-settings=\"{&quot;background_background&quot;:&quot;classic&quot;}\">\n\t\t\t\t<div class=\"elementor-element elementor-element-7369149 elementor-widget elementor-widget-spacer\" data-id=\"7369149\" data-element_type=\"widget\" data-widget_type=\"spacer.default\">\n\t\t\t\t<div class=\"elementor-widget-container\">\n\t\t\t\t\t<div class=\"elementor-spacer\">\n\t\t\t<div class=\"elementor-spacer-inner\"><\/div>\n\t\t<\/div>\n\t\t\t\t<\/div>\n\t\t\t\t<\/div>\n\t\t\t\t<\/div>\n\t\t\t\t\t<\/div>\n\t\t\t\t<\/div>\n\t\t<div class=\"has_eae_slider elementor-element elementor-element-314991b e-flex e-con-boxed wpr-particle-no wpr-jarallax-no wpr-parallax-no wpr-sticky-section-no e-con e-parent\" data-id=\"314991b\" data-element_type=\"container\" data-settings=\"{&quot;background_background&quot;:&quot;classic&quot;}\">\n\t\t\t\t\t<div class=\"e-con-inner\">\n\t\t<div class=\"has_eae_slider elementor-element elementor-element-1dfb30b e-con-full e-flex wpr-particle-no wpr-jarallax-no wpr-parallax-no wpr-sticky-section-no e-con e-child\" data-id=\"1dfb30b\" data-element_type=\"container\">\n\t\t\t\t<div class=\"elementor-element elementor-element-dd6c8ec elementor-widget__width-initial elementor-widget elementor-widget-text-editor\" data-id=\"dd6c8ec\" data-element_type=\"widget\" data-widget_type=\"text-editor.default\">\n\t\t\t\t<div class=\"elementor-widget-container\">\n\t\t\t\t\t\t\t<p style=\"text-align: left;\"><b style=\"\">Superar las barreras geogr\u00e1ficas para que la atenci\u00f3n de los pacientes sea equitativa, accesible y de calidad.<\/b><\/p>\n\t\t\t\t\t\t<\/div>\n\t\t\t\t<\/div>\n\t\t\t\t<\/div>\n\t\t<div class=\"has_eae_slider elementor-element elementor-element-b6d7fdb e-con-full e-flex wpr-particle-no wpr-jarallax-no wpr-parallax-no wpr-sticky-section-no e-con e-child\" data-id=\"b6d7fdb\" data-element_type=\"container\">\n\t\t\t\t<div class=\"elementor-element elementor-element-af3d3b1 elementor-widget__width-initial elementor-widget elementor-widget-text-editor\" data-id=\"af3d3b1\" data-element_type=\"widget\" data-widget_type=\"text-editor.default\">\n\t\t\t\t<div class=\"elementor-widget-container\">\n\t\t\t\t\t\t\t<p>El programa de telemedicina ofrece soluciones seguras dise\u00f1adas para atender las necesidades de los profesionales de la salud en MSF, a la vez que crea una comunidad de intercambio de conocimientos y colaboraci\u00f3n cl\u00ednica.<\/p>\n\t\t\t\t\t\t<\/div>\n\t\t\t\t<\/div>\n\t\t\t\t<\/div>\n\t\t<div class=\"has_eae_slider elementor-element elementor-element-e18330c e-con-full e-flex wpr-particle-no wpr-jarallax-no wpr-parallax-no wpr-sticky-section-no e-con e-child\" data-id=\"e18330c\" data-element_type=\"container\">\n\t\t\t\t<div class=\"elementor-element elementor-element-ccd9686 elementor-widget elementor-widget-button\" data-id=\"ccd9686\" data-element_type=\"widget\" data-widget_type=\"button.default\">\n\t\t\t\t<div class=\"elementor-widget-container\">\n\t\t\t\t\t<div class=\"elementor-button-wrapper\">\n\t\t\t<a class=\"elementor-button elementor-button-link elementor-size-sm\" href=\"https:\/\/telemedhub.org\/es\/acerca-de-nosotros\/\">\n\t\t\t\t\t\t<span class=\"elementor-button-content-wrapper\">\n\t\t\t\t\t\t\t\t\t<span class=\"elementor-button-text\">D\u00f3nde y con qui\u00e9n trabajamos<\/span>\n\t\t\t\t\t<\/span>\n\t\t\t\t\t<\/a>\n\t\t<\/div>\n\t\t\t\t<\/div>\n\t\t\t\t<\/div>\n\t\t\t\t<\/div>\n\t\t\t\t\t<\/div>\n\t\t\t\t<\/div>\n\t\t<div class=\"has_eae_slider elementor-element elementor-element-93c9308 e-flex e-con-boxed wpr-particle-no wpr-jarallax-no wpr-parallax-no wpr-sticky-section-no e-con e-parent\" data-id=\"93c9308\" data-element_type=\"container\" data-settings=\"{&quot;background_background&quot;:&quot;classic&quot;}\">\n\t\t\t\t\t<div class=\"e-con-inner\">\n\t\t\t\t<div class=\"elementor-element elementor-element-bc7b3e1 elementor-widget__width-initial elementor-widget-mobile__width-initial elementor-widget-tablet__width-initial elementor-widget elementor-widget-counter\" data-id=\"bc7b3e1\" data-element_type=\"widget\" data-widget_type=\"counter.default\">\n\t\t\t\t<div class=\"elementor-widget-container\">\n\t\t\t\t\t<div class=\"elementor-counter\">\n\t\t\t<div class=\"elementor-counter-title\">Pacientes que se han visto afectados en 2024<\/div>\t\t\t<div class=\"elementor-counter-number-wrapper\">\n\t\t\t\t<span class=\"elementor-counter-number-prefix\"><\/span>\n\t\t\t\t<span class=\"elementor-counter-number\" data-duration=\"2500\" data-to-value=\"5000\" data-from-value=\"0\" data-delimiter=\",\">0<\/span>\n\t\t\t\t<span class=\"elementor-counter-number-suffix\">+<\/span>\n\t\t\t<\/div>\n\t\t<\/div>\n\t\t\t\t<\/div>\n\t\t\t\t<\/div>\n\t\t\t\t<div class=\"elementor-element elementor-element-28db9bc elementor-widget elementor-widget-spacer\" data-id=\"28db9bc\" data-element_type=\"widget\" data-widget_type=\"spacer.default\">\n\t\t\t\t<div class=\"elementor-widget-container\">\n\t\t\t\t\t<div class=\"elementor-spacer\">\n\t\t\t<div class=\"elementor-spacer-inner\"><\/div>\n\t\t<\/div>\n\t\t\t\t<\/div>\n\t\t\t\t<\/div>\n\t\t\t\t<div class=\"elementor-element elementor-element-4c2b317 elementor-widget__width-initial elementor-widget-mobile__width-initial elementor-widget-tablet__width-initial elementor-widget elementor-widget-counter\" data-id=\"4c2b317\" data-element_type=\"widget\" data-widget_type=\"counter.default\">\n\t\t\t\t<div class=\"elementor-widget-container\">\n\t\t\t\t\t<div class=\"elementor-counter\">\n\t\t\t<div class=\"elementor-counter-title\">Proyectos con acceso a la telemedicina<\/div>\t\t\t<div class=\"elementor-counter-number-wrapper\">\n\t\t\t\t<span class=\"elementor-counter-number-prefix\"><\/span>\n\t\t\t\t<span class=\"elementor-counter-number\" data-duration=\"2500\" data-to-value=\"298\" data-from-value=\"0\" data-delimiter=\",\">0<\/span>\n\t\t\t\t<span class=\"elementor-counter-number-suffix\"><\/span>\n\t\t\t<\/div>\n\t\t<\/div>\n\t\t\t\t<\/div>\n\t\t\t\t<\/div>\n\t\t\t\t<div class=\"elementor-element elementor-element-9b701cf elementor-widget elementor-widget-spacer\" data-id=\"9b701cf\" data-element_type=\"widget\" data-widget_type=\"spacer.default\">\n\t\t\t\t<div class=\"elementor-widget-container\">\n\t\t\t\t\t<div class=\"elementor-spacer\">\n\t\t\t<div class=\"elementor-spacer-inner\"><\/div>\n\t\t<\/div>\n\t\t\t\t<\/div>\n\t\t\t\t<\/div>\n\t\t\t\t<div class=\"elementor-element elementor-element-2147457 elementor-widget__width-initial elementor-widget-mobile__width-initial elementor-widget elementor-widget-counter\" data-id=\"2147457\" data-element_type=\"widget\" data-widget_type=\"counter.default\">\n\t\t\t\t<div class=\"elementor-widget-container\">\n\t\t\t\t\t<div class=\"elementor-counter\">\n\t\t\t<div class=\"elementor-counter-title\">Pa\u00edses con acceso a la telemedicina<\/div>\t\t\t<div class=\"elementor-counter-number-wrapper\">\n\t\t\t\t<span class=\"elementor-counter-number-prefix\"><\/span>\n\t\t\t\t<span class=\"elementor-counter-number\" data-duration=\"2500\" data-to-value=\"56\" data-from-value=\"0\" data-delimiter=\",\">0<\/span>\n\t\t\t\t<span class=\"elementor-counter-number-suffix\"><\/span>\n\t\t\t<\/div>\n\t\t<\/div>\n\t\t\t\t<\/div>\n\t\t\t\t<\/div>\n\t\t\t\t<div class=\"elementor-element elementor-element-e6e4975 elementor-widget elementor-widget-spacer\" data-id=\"e6e4975\" data-element_type=\"widget\" data-widget_type=\"spacer.default\">\n\t\t\t\t<div class=\"elementor-widget-container\">\n\t\t\t\t\t<div class=\"elementor-spacer\">\n\t\t\t<div class=\"elementor-spacer-inner\"><\/div>\n\t\t<\/div>\n\t\t\t\t<\/div>\n\t\t\t\t<\/div>\n\t\t\t\t<div class=\"elementor-element elementor-element-143e6c3 elementor-widget__width-initial elementor-widget-mobile__width-initial elementor-widget elementor-widget-counter\" data-id=\"143e6c3\" data-element_type=\"widget\" data-widget_type=\"counter.default\">\n\t\t\t\t<div class=\"elementor-widget-container\">\n\t\t\t\t\t<div class=\"elementor-counter\">\n\t\t\t<div class=\"elementor-counter-title\">Especialistas en nuestra red<\/div>\t\t\t<div class=\"elementor-counter-number-wrapper\">\n\t\t\t\t<span class=\"elementor-counter-number-prefix\"><\/span>\n\t\t\t\t<span class=\"elementor-counter-number\" data-duration=\"2500\" data-to-value=\"465\" data-from-value=\"0\" data-delimiter=\",\">0<\/span>\n\t\t\t\t<span class=\"elementor-counter-number-suffix\"><\/span>\n\t\t\t<\/div>\n\t\t<\/div>\n\t\t\t\t<\/div>\n\t\t\t\t<\/div>\n\t\t<div class=\"has_eae_slider elementor-element elementor-element-e316e80 e-con-full elementor-hidden-mobile e-flex wpr-particle-no wpr-jarallax-no wpr-parallax-no wpr-sticky-section-no e-con e-child\" data-id=\"e316e80\" data-element_type=\"container\" data-settings=\"{&quot;background_background&quot;:&quot;classic&quot;}\">\n\t\t\t\t<\/div>\n\t\t\t\t\t<\/div>\n\t\t\t\t<\/div>\n\t\t<div class=\"has_eae_slider elementor-element elementor-element-e51f6b7 e-flex e-con-boxed wpr-particle-no wpr-jarallax-no wpr-parallax-no wpr-sticky-section-no e-con e-parent\" data-id=\"e51f6b7\" data-element_type=\"container\" id=\"xs_accor_side_curve\" data-settings=\"{&quot;background_background&quot;:&quot;classic&quot;}\">\n\t\t\t\t\t<div class=\"e-con-inner\">\n\t\t<div class=\"has_eae_slider elementor-element elementor-element-5d1da6f e-con-full e-flex wpr-particle-no wpr-jarallax-no wpr-parallax-no wpr-sticky-section-no e-con e-child\" data-id=\"5d1da6f\" data-element_type=\"container\">\n\t\t\t\t<div class=\"elementor-element elementor-element-f7b69c1 elementor-widget elementor-widget-heading\" data-id=\"f7b69c1\" data-element_type=\"widget\" data-widget_type=\"heading.default\">\n\t\t\t\t<div class=\"elementor-widget-container\">\n\t\t\t<h1 class=\"elementor-heading-title elementor-size-default\">Los servicios que ofrecemos<\/h1>\t\t<\/div>\n\t\t\t\t<\/div>\n\t\t<div class=\"has_eae_slider elementor-element elementor-element-e82d5e6 e-con-full e-flex wpr-particle-no wpr-jarallax-no wpr-parallax-no wpr-sticky-section-no e-con e-child\" data-id=\"e82d5e6\" data-element_type=\"container\" data-settings=\"{&quot;background_background&quot;:&quot;gradient&quot;}\">\n\t\t<div class=\"has_eae_slider elementor-element elementor-element-433029b e-con-full e-flex wpr-particle-no wpr-jarallax-no wpr-parallax-no wpr-sticky-section-no e-con e-child\" data-id=\"433029b\" data-element_type=\"container\">\n\t\t\t\t<div class=\"elementor-element elementor-element-61414d8 elementor-position-top elementor-widget elementor-widget-image-box\" data-id=\"61414d8\" data-element_type=\"widget\" data-widget_type=\"image-box.default\">\n\t\t\t\t<div class=\"elementor-widget-container\">\n\t\t\t<div class=\"elementor-image-box-wrapper\"><figure class=\"elementor-image-box-img\"><img fetchpriority=\"high\" decoding=\"async\" width=\"1024\" height=\"730\" src=\"https:\/\/telemedhub.org\/wp-content\/uploads\/2023\/10\/Asset-24-1024x730.png\" class=\"attachment-large size-large wp-image-7616\" alt=\"\" srcset=\"https:\/\/telemedhub.org\/wp-content\/uploads\/2023\/10\/Asset-24-1024x730.png 1024w, https:\/\/telemedhub.org\/wp-content\/uploads\/2023\/10\/Asset-24-300x214.png 300w, https:\/\/telemedhub.org\/wp-content\/uploads\/2023\/10\/Asset-24-768x547.png 768w, https:\/\/telemedhub.org\/wp-content\/uploads\/2023\/10\/Asset-24.png 1299w\" sizes=\"(max-width: 1024px) 100vw, 1024px\" \/><\/figure><div class=\"elementor-image-box-content\"><h3 class=\"elementor-image-box-title\">Gesti\u00f3n de casos<\/h3><p class=\"elementor-image-box-description\">Un servicio seguro que permite a los profesionales de la salud que participan en proyectos de MSF acceder a asesoramiento cl\u00ednico y m\u00e9dico especializado caso por caso.<\/p><\/div><\/div>\t\t<\/div>\n\t\t\t\t<\/div>\n\t\t\t\t<\/div>\n\t\t<div class=\"has_eae_slider elementor-element elementor-element-b7e2b5f e-con-full e-flex wpr-particle-no wpr-jarallax-no wpr-parallax-no wpr-sticky-section-no e-con e-child\" data-id=\"b7e2b5f\" data-element_type=\"container\">\n\t\t\t\t<div class=\"elementor-element elementor-element-261a2f9 elementor-position-top elementor-widget elementor-widget-image-box\" data-id=\"261a2f9\" data-element_type=\"widget\" data-widget_type=\"image-box.default\">\n\t\t\t\t<div class=\"elementor-widget-container\">\n\t\t\t<div class=\"elementor-image-box-wrapper\"><figure class=\"elementor-image-box-img\"><img decoding=\"async\" width=\"6681\" height=\"4732\" src=\"https:\/\/telemedhub.org\/wp-content\/uploads\/2023\/10\/Illustration-5-Secure-Messaging.png\" class=\"attachment-full size-full wp-image-5422\" alt=\"\" srcset=\"https:\/\/telemedhub.org\/wp-content\/uploads\/2023\/10\/Illustration-5-Secure-Messaging.png 6681w, https:\/\/telemedhub.org\/wp-content\/uploads\/2023\/10\/Illustration-5-Secure-Messaging-300x212.png 300w\" sizes=\"(max-width: 6681px) 100vw, 6681px\" \/><\/figure><div class=\"elementor-image-box-content\"><h3 class=\"elementor-image-box-title\">Mensajer\u00eda segura<\/h3><p class=\"elementor-image-box-description\">Es una aplicaci\u00f3n de mensajer\u00eda instant\u00e1nea que facilita el intercambio de informaci\u00f3n y archivos confidenciales entre los profesionales de la salud en MSF.<\/p><\/div><\/div>\t\t<\/div>\n\t\t\t\t<\/div>\n\t\t\t\t<\/div>\n\t\t<div class=\"has_eae_slider elementor-element elementor-element-1859bf0 e-con-full e-flex wpr-particle-no wpr-jarallax-no wpr-parallax-no wpr-sticky-section-no e-con e-child\" data-id=\"1859bf0\" data-element_type=\"container\">\n\t\t\t\t<div class=\"elementor-element elementor-element-8180ece elementor-position-top elementor-widget elementor-widget-image-box\" data-id=\"8180ece\" data-element_type=\"widget\" data-widget_type=\"image-box.default\">\n\t\t\t\t<div class=\"elementor-widget-container\">\n\t\t\t<div class=\"elementor-image-box-wrapper\"><figure class=\"elementor-image-box-img\"><img decoding=\"async\" width=\"6681\" height=\"4732\" src=\"https:\/\/telemedhub.org\/wp-content\/uploads\/2023\/10\/Illustration-3-Videoconferencing.png\" class=\"attachment-full size-full wp-image-5424\" alt=\"\" srcset=\"https:\/\/telemedhub.org\/wp-content\/uploads\/2023\/10\/Illustration-3-Videoconferencing.png 6681w, https:\/\/telemedhub.org\/wp-content\/uploads\/2023\/10\/Illustration-3-Videoconferencing-300x212.png 300w\" sizes=\"(max-width: 6681px) 100vw, 6681px\" \/><\/figure><div class=\"elementor-image-box-content\"><h3 class=\"elementor-image-box-title\">Revisi\u00f3n de casos cl\u00ednicos<\/h3><p class=\"elementor-image-box-description\">Un servicio de videoconferencia que brinda al personal encargado de los proyectos en MSF la oportunidad de conectar, en tiempo real, con un especialista id\u00f3neo para las necesidades de su proyecto.<\/p><\/div><\/div>\t\t<\/div>\n\t\t\t\t<\/div>\n\t\t\t\t<\/div>\n\t\t\t\t<\/div>\n\t\t\t\t<div class=\"elementor-element elementor-element-ebc47a5 elementor-align-center elementor-widget elementor-widget-button\" data-id=\"ebc47a5\" data-element_type=\"widget\" data-widget_type=\"button.default\">\n\t\t\t\t<div class=\"elementor-widget-container\">\n\t\t\t\t\t<div class=\"elementor-button-wrapper\">\n\t\t\t<a class=\"elementor-button elementor-button-link elementor-size-sm\" href=\"https:\/\/telemedhub.org\/es\/servicios\/\">\n\t\t\t\t\t\t<span class=\"elementor-button-content-wrapper\">\n\t\t\t\t\t\t\t\t\t<span class=\"elementor-button-text\">M\u00e1s informaci\u00f3n<\/span>\n\t\t\t\t\t<\/span>\n\t\t\t\t\t<\/a>\n\t\t<\/div>\n\t\t\t\t<\/div>\n\t\t\t\t<\/div>\n\t\t\t\t<\/div>\n\t\t\t\t\t<\/div>\n\t\t\t\t<\/div>\n\t\t<div class=\"has_eae_slider elementor-element elementor-element-38a62ee e-flex e-con-boxed wpr-particle-no wpr-jarallax-no wpr-parallax-no wpr-sticky-section-no e-con e-parent\" data-id=\"38a62ee\" data-element_type=\"container\" data-settings=\"{&quot;background_background&quot;:&quot;gradient&quot;}\">\n\t\t\t\t\t<div class=\"e-con-inner\">\n\t\t<div class=\"has_eae_slider elementor-element elementor-element-4010602 e-con-full e-flex wpr-particle-no wpr-jarallax-no wpr-parallax-no wpr-sticky-section-no e-con e-child\" data-id=\"4010602\" data-element_type=\"container\">\n\t\t\t\t<div class=\"elementor-element elementor-element-b211bf9 elementor-widget elementor-widget-image\" data-id=\"b211bf9\" data-element_type=\"widget\" data-widget_type=\"image.default\">\n\t\t\t\t<div class=\"elementor-widget-container\">\n\t\t\t\t\t\t\t\t\t\t\t\t\t\t<a href=\"https:\/\/youtu.be\/DGR0Aeglf2M?si=o0ws3LYOJagnehDy\" target=\"_blank\">\n\t\t\t\t\t\t\t<img loading=\"lazy\" decoding=\"async\" width=\"1024\" height=\"573\" src=\"https:\/\/telemedhub.org\/wp-content\/uploads\/2025\/06\/TM-website-Frame-1-scaled-1-1-1024x573.jpg\" class=\"attachment-large size-large wp-image-8637\" alt=\"\" srcset=\"https:\/\/telemedhub.org\/wp-content\/uploads\/2025\/06\/TM-website-Frame-1-scaled-1-1-1024x573.jpg 1024w, https:\/\/telemedhub.org\/wp-content\/uploads\/2025\/06\/TM-website-Frame-1-scaled-1-1-300x168.jpg 300w, https:\/\/telemedhub.org\/wp-content\/uploads\/2025\/06\/TM-website-Frame-1-scaled-1-1-768x430.jpg 768w, https:\/\/telemedhub.org\/wp-content\/uploads\/2025\/06\/TM-website-Frame-1-scaled-1-1-1536x860.jpg 1536w, https:\/\/telemedhub.org\/wp-content\/uploads\/2025\/06\/TM-website-Frame-1-scaled-1-1-2048x1146.jpg 2048w\" sizes=\"(max-width: 1024px) 100vw, 1024px\" \/>\t\t\t\t\t\t\t\t<\/a>\n\t\t\t\t\t\t\t\t\t\t\t\t\t<\/div>\n\t\t\t\t<\/div>\n\t\t\t\t<\/div>\n\t\t<div class=\"has_eae_slider elementor-element elementor-element-cc7e2e7 e-con-full e-flex wpr-particle-no wpr-jarallax-no wpr-parallax-no wpr-sticky-section-no e-con e-child\" data-id=\"cc7e2e7\" data-element_type=\"container\">\n\t\t\t\t<div class=\"elementor-element elementor-element-b38895a elementor-widget elementor-widget-heading\" data-id=\"b38895a\" data-element_type=\"widget\" data-widget_type=\"heading.default\">\n\t\t\t\t<div class=\"elementor-widget-container\">\n\t\t\t<h2 class=\"elementor-heading-title elementor-size-default\">\u00bfQu\u00e9 es la telemedicina?<\/h2>\t\t<\/div>\n\t\t\t\t<\/div>\n\t\t\t\t<div class=\"elementor-element elementor-element-7efced9 elementor-widget elementor-widget-text-editor\" data-id=\"7efced9\" data-element_type=\"widget\" data-widget_type=\"text-editor.default\">\n\t\t\t\t<div class=\"elementor-widget-container\">\n\t\t\t\t\t\t\t<p>El programa de telemedicina de MSF ayuda a los profesionales de la salud a colaborar, compartir conocimientos y mejorar los resultados que se obtienen con los pacientes.<\/p>\t\t\t\t\t\t<\/div>\n\t\t\t\t<\/div>\n\t\t<div class=\"has_eae_slider elementor-element elementor-element-b0aa16f e-con-full e-flex wpr-particle-no wpr-jarallax-no wpr-parallax-no wpr-sticky-section-no e-con e-child\" data-id=\"b0aa16f\" data-element_type=\"container\">\n\t\t\t\t<div class=\"elementor-element elementor-element-3dbdb9e elementor-widget__width-initial elementor-widget elementor-widget-button\" data-id=\"3dbdb9e\" data-element_type=\"widget\" data-widget_type=\"button.default\">\n\t\t\t\t<div class=\"elementor-widget-container\">\n\t\t\t\t\t<div class=\"elementor-button-wrapper\">\n\t\t\t<a class=\"elementor-button elementor-button-link elementor-size-sm\" href=\"https:\/\/msftelemedsupport.zohodesk.com\/portal\/en\/newticket\" target=\"_blank\">\n\t\t\t\t\t\t<span class=\"elementor-button-content-wrapper\">\n\t\t\t\t\t\t\t\t\t<span class=\"elementor-button-text\">Cont\u00e1ctenos<\/span>\n\t\t\t\t\t<\/span>\n\t\t\t\t\t<\/a>\n\t\t<\/div>\n\t\t\t\t<\/div>\n\t\t\t\t<\/div>\n\t\t\t\t<div class=\"elementor-element elementor-element-3224157 elementor-widget__width-initial elementor-widget elementor-widget-button\" data-id=\"3224157\" data-element_type=\"widget\" data-widget_type=\"button.default\">\n\t\t\t\t<div class=\"elementor-widget-container\">\n\t\t\t\t\t<div class=\"elementor-button-wrapper\">\n\t\t\t<a class=\"elementor-button elementor-button-link elementor-size-sm\" href=\"https:\/\/connect.telemed.msf.org\" target=\"_blank\">\n\t\t\t\t\t\t<span class=\"elementor-button-content-wrapper\">\n\t\t\t\t\t\t\t\t\t<span class=\"elementor-button-text\">Acceso a la plataforma<\/span>\n\t\t\t\t\t<\/span>\n\t\t\t\t\t<\/a>\n\t\t<\/div>\n\t\t\t\t<\/div>\n\t\t\t\t<\/div>\n\t\t\t\t<\/div>\n\t\t\t\t<\/div>\n\t\t\t\t\t<\/div>\n\t\t\t\t<\/div>\n\t\t<div class=\"has_eae_slider elementor-element elementor-element-75c1c46 e-flex e-con-boxed wpr-particle-no wpr-jarallax-no wpr-parallax-no wpr-sticky-section-no e-con e-parent\" data-id=\"75c1c46\" data-element_type=\"container\" data-settings=\"{&quot;background_background&quot;:&quot;classic&quot;}\">\n\t\t\t\t\t<div class=\"e-con-inner\">\n\t\t\t\t<div class=\"elementor-element elementor-element-c63c275 elementor-widget elementor-widget-html\" data-id=\"c63c275\" data-element_type=\"widget\" data-widget_type=\"html.default\">\n\t\t\t\t<div class=\"elementor-widget-container\">\n\t\t\t<script type=\"text\/javascript\" nonce=\"{place_your_nonce_value_here}\" src=\"https:\/\/desk.zoho.com\/portal\/api\/web\/inapp\/854160000001414001?orgId=810715677\" defer> <\/script>\t\t<\/div>\n\t\t\t\t<\/div>\n\t\t\t\t\t<\/div>\n\t\t\t\t<\/div>\n\t\t\t\t<\/div>\n\t\t","protected":false},"excerpt":{"rendered":"<p>Programa de telemedicina en MSF Superar las barreras geogr\u00e1ficas para que la atenci\u00f3n de los pacientes sea equitativa, accesible y de calidad. El programa de telemedicina ofrece soluciones seguras dise\u00f1adas para atender las necesidades de los profesionales de la salud en MSF, a la vez que crea una comunidad de intercambio de conocimientos y colaboraci\u00f3n<\/p>\n","protected":false},"author":9,"featured_media":0,"parent":0,"menu_order":0,"comment_status":"closed","ping_status":"closed","template":"","meta":{"site-sidebar-layout":"no-sidebar","site-content-layout":"page-builder","ast-site-content-layout":"","site-content-style":"default","site-sidebar-style":"default","ast-global-header-display":"","ast-banner-title-visibility":"","ast-main-header-display":"","ast-hfb-above-header-display":"","ast-hfb-below-header-display":"","ast-hfb-mobile-header-display":"","site-post-title":"disabled","ast-breadcrumbs-content":"disabled","ast-featured-img":"disabled","footer-sml-layout":"","theme-transparent-header-meta":"disabled","adv-header-id-meta":"","stick-header-meta":"","header-above-stick-meta":"","header-main-stick-meta":"","header-below-stick-meta":"","astra-migrate-meta-layouts":"default","ast-page-background-enabled":"default","ast-page-background-meta":{"desktop":{"background-color":"","background-image":"","background-repeat":"repeat","background-position":"center center","background-size":"auto","background-attachment":"scroll","background-type":"","background-media":"","overlay-type":"","overlay-color":"","overlay-gradient":""},"tablet":{"background-color":"","background-image":"","background-repeat":"repeat","background-position":"center center","background-size":"auto","background-attachment":"scroll","background-type":"","background-media":"","overlay-type":"","overlay-color":"","overlay-gradient":""},"mobile":{"background-color":"","background-image":"","background-repeat":"repeat","background-position":"center center","background-size":"auto","background-attachment":"scroll","background-type":"","background-media":"","overlay-type":"","overlay-color":"","overlay-gradient":""}},"ast-content-background-meta":{"desktop":{"background-color":"var(--ast-global-color-5)","background-image":"","background-repeat":"repeat","background-position":"center center","background-size":"auto","background-attachment":"scroll","background-type":"","background-media":"","overlay-type":"","overlay-color":"","overlay-gradient":""},"tablet":{"background-color":"var(--ast-global-color-5)","background-image":"","background-repeat":"repeat","background-position":"center center","background-size":"auto","background-attachment":"scroll","background-type":"","background-media":"","overlay-type":"","overlay-color":"","overlay-gradient":""},"mobile":{"background-color":"var(--ast-global-color-5)","background-image":"","background-repeat":"repeat","background-position":"center center","background-size":"auto","background-attachment":"scroll","background-type":"","background-media":"","overlay-type":"","overlay-color":"","overlay-gradient":""}},"footnotes":""},"_links":{"self":[{"href":"https:\/\/telemedhub.org\/es\/wp-json\/wp\/v2\/pages\/7596"}],"collection":[{"href":"https:\/\/telemedhub.org\/es\/wp-json\/wp\/v2\/pages"}],"about":[{"href":"https:\/\/telemedhub.org\/es\/wp-json\/wp\/v2\/types\/page"}],"author":[{"embeddable":true,"href":"https:\/\/telemedhub.org\/es\/wp-json\/wp\/v2\/users\/9"}],"replies":[{"embeddable":true,"href":"https:\/\/telemedhub.org\/es\/wp-json\/wp\/v2\/comments?post=7596"}],"version-history":[{"count":31,"href":"https:\/\/telemedhub.org\/es\/wp-json\/wp\/v2\/pages\/7596\/revisions"}],"predecessor-version":[{"id":8757,"href":"https:\/\/telemedhub.org\/es\/wp-json\/wp\/v2\/pages\/7596\/revisions\/8757"}],"wp:attachment":[{"href":"https:\/\/telemedhub.org\/es\/wp-json\/wp\/v2\/media?parent=7596"}],"curies":[{"name":"wp","href":"https:\/\/api.w.org\/{rel}","templated":true}]}}